{"id":1402,"date":"2023-05-05T10:50:14","date_gmt":"2023-05-05T10:50:14","guid":{"rendered":"https:\/\/podinario.rs\/?page_id=1402"},"modified":"2025-05-15T08:39:44","modified_gmt":"2025-05-15T08:39:44","slug":"o-sokobanji","status":"publish","type":"page","link":"https:\/\/podinario.rs\/index.php\/o-sokobanji\/","title":{"rendered":"O Sokobanji"},"content":{"rendered":"\t\t<div data-elementor-type=\"wp-page\" data-elementor-id=\"1402\" class=\"elementor elementor-1402\" data-elementor-post-type=\"page\">\n\t\t\t\t\t\t<section class=\"elementor-section elementor-top-section elementor-element elementor-element-c7647f5 elementor-section-boxed elementor-section-height-default elementor-section-height-default\" data-id=\"c7647f5\" data-element_type=\"section\" data-e-type=\"section\">\n\t\t\t\t\t\t<div class=\"elementor-container elementor-column-gap-default\">\n\t\t\t\t\t<div class=\"elementor-column elementor-col-100 elementor-top-column elementor-element elementor-element-55a63f5\" data-id=\"55a63f5\" data-element_type=\"column\" data-e-type=\"column\">\n\t\t\t<div class=\"elementor-widget-wrap elementor-element-populated\">\n\t\t\t\t\t\t<div class=\"elementor-element elementor-element-ad20213 elementor-widget elementor-widget-heading\" data-id=\"ad20213\" data-element_type=\"widget\" data-e-type=\"widget\" data-widget_type=\"heading.default\">\n\t\t\t\t<div class=\"elementor-widget-container\">\n\t\t\t\t\t<h2 class=\"elementor-heading-title elementor-size-default\"><a href=\"https:\/\/podinario.rs\/\">Sokobanja 2025. Novosti-Pocetna<\/a><\/h2>\t\t\t\t<\/div>\n\t\t\t\t<\/div>\n\t\t\t\t\t<\/div>\n\t\t<\/div>\n\t\t\t\t\t<\/div>\n\t\t<\/section>\n\t\t\t\t<section class=\"elementor-section elementor-top-section elementor-element elementor-element-b9243c8 elementor-section-boxed elementor-section-height-default elementor-section-height-default\" data-id=\"b9243c8\" data-element_type=\"section\" data-e-type=\"section\">\n\t\t\t\t\t\t<div class=\"elementor-container elementor-column-gap-default\">\n\t\t\t\t\t<div class=\"elementor-column elementor-col-100 elementor-top-column elementor-element elementor-element-03d5194\" data-id=\"03d5194\" data-element_type=\"column\" data-e-type=\"column\">\n\t\t\t<div class=\"elementor-widget-wrap elementor-element-populated\">\n\t\t\t\t\t\t<div class=\"elementor-element elementor-element-8c0beb3 elementor-grid-3 elementor-grid-tablet-2 elementor-grid-mobile-1 elementor-posts--thumbnail-top elementor-card-shadow-yes elementor-posts__hover-gradient elementor-widget elementor-widget-posts\" data-id=\"8c0beb3\" data-element_type=\"widget\" data-e-type=\"widget\" data-settings=\"{&quot;cards_columns&quot;:&quot;3&quot;,&quot;cards_columns_tablet&quot;:&quot;2&quot;,&quot;cards_columns_mobile&quot;:&quot;1&quot;,&quot;cards_row_gap&quot;:{&quot;unit&quot;:&quot;px&quot;,&quot;size&quot;:35,&quot;sizes&quot;:[]},&quot;cards_row_gap_tablet&quot;:{&quot;unit&quot;:&quot;px&quot;,&quot;size&quot;:&quot;&quot;,&quot;sizes&quot;:[]},&quot;cards_row_gap_mobile&quot;:{&quot;unit&quot;:&quot;px&quot;,&quot;size&quot;:&quot;&quot;,&quot;sizes&quot;:[]}}\" data-widget_type=\"posts.cards\">\n\t\t\t\t<div class=\"elementor-widget-container\">\n\t\t\t\t\t\t\t<div class=\"elementor-posts-container elementor-posts elementor-posts--skin-cards elementor-grid\" role=\"list\">\n\t\t\t\t<article class=\"elementor-post elementor-grid-item post-1680 post type-post status-publish format-standard has-post-thumbnail hentry category-sokobanjske-novosti\" role=\"listitem\">\n\t\t\t<div class=\"elementor-post__card\">\n\t\t\t\t<a class=\"elementor-post__thumbnail__link\" href=\"https:\/\/podinario.rs\/index.php\/2023\/05\/17\/akva-park-podina-sokobanja\/\" tabindex=\"-1\" ><div class=\"elementor-post__thumbnail\"><img fetchpriority=\"high\" decoding=\"async\" width=\"300\" height=\"169\" src=\"https:\/\/podinario.rs\/images\/akva-park-sokobanja-300x169.jpg\" class=\"attachment-medium size-medium wp-image-1689\" alt=\"\" srcset=\"https:\/\/podinario.rs\/images\/akva-park-sokobanja-300x169.jpg 300w, https:\/\/podinario.rs\/images\/akva-park-sokobanja-768x432.jpg 768w, https:\/\/podinario.rs\/images\/akva-park-sokobanja.jpg 800w\" sizes=\"(max-width: 300px) 100vw, 300px\" \/><\/div><\/a>\n\t\t\t\t<div class=\"elementor-post__badge\">Sokobanjske novosti<\/div>\n\t\t\t\t<div class=\"elementor-post__text\">\n\t\t\t\t<h3 class=\"elementor-post__title\">\n\t\t\t<a href=\"https:\/\/podinario.rs\/index.php\/2023\/05\/17\/akva-park-podina-sokobanja\/\" >\n\t\t\t\tAkva Park Sokobanja\t\t\t<\/a>\n\t\t<\/h3>\n\t\t\t\t<div class=\"elementor-post__excerpt\">\n\t\t\t<p>Akva park &#8220;Podina&#8221; Sokobanja Samo 1,5 km od centra Sokobanje, sportsko-rekreativni kompleks Podina ponosno predstavlja svoj Akva park. Ovaj impresivni vodeni centar za zabavu prostire<\/p>\n\t\t<\/div>\n\t\t\n\t\t<a class=\"elementor-post__read-more\" href=\"https:\/\/podinario.rs\/index.php\/2023\/05\/17\/akva-park-podina-sokobanja\/\" aria-label=\"Read more about Akva Park Sokobanja\" tabindex=\"-1\" >\n\t\t\tRead More \u00bb\t\t<\/a>\n\n\t\t\t\t<\/div>\n\t\t\t\t<div class=\"elementor-post__meta-data\">\n\t\t\t\t\t<span class=\"elementor-post-date\">\n\t\t\tMay 17, 2023\t\t<\/span>\n\t\t\t\t<span class=\"elementor-post-avatar\">\n\t\t\tNo Comments\t\t<\/span>\n\t\t\t\t<\/div>\n\t\t\t\t\t<\/div>\n\t\t<\/article>\n\t\t\t\t<article class=\"elementor-post elementor-grid-item post-1540 post type-post status-publish format-standard has-post-thumbnail hentry category-sokobanjske-novosti\" role=\"listitem\">\n\t\t\t<div class=\"elementor-post__card\">\n\t\t\t\t<a class=\"elementor-post__thumbnail__link\" href=\"https:\/\/podinario.rs\/index.php\/2023\/05\/09\/vauceri-sokobanja-srbija\/\" tabindex=\"-1\" ><div class=\"elementor-post__thumbnail\"><img decoding=\"async\" width=\"300\" height=\"135\" src=\"https:\/\/podinario.rs\/images\/Screenshot-2025-05-15-104925-300x135.png\" class=\"attachment-medium size-medium wp-image-2051\" alt=\"\" srcset=\"https:\/\/podinario.rs\/images\/Screenshot-2025-05-15-104925-300x135.png 300w, https:\/\/podinario.rs\/images\/Screenshot-2025-05-15-104925-1024x460.png 1024w, https:\/\/podinario.rs\/images\/Screenshot-2025-05-15-104925-768x345.png 768w, https:\/\/podinario.rs\/images\/Screenshot-2025-05-15-104925-1536x690.png 1536w, https:\/\/podinario.rs\/images\/Screenshot-2025-05-15-104925.png 1917w\" sizes=\"(max-width: 300px) 100vw, 300px\" \/><\/div><\/a>\n\t\t\t\t<div class=\"elementor-post__badge\">Sokobanjske novosti<\/div>\n\t\t\t\t<div class=\"elementor-post__text\">\n\t\t\t\t<h3 class=\"elementor-post__title\">\n\t\t\t<a href=\"https:\/\/podinario.rs\/index.php\/2023\/05\/09\/vauceri-sokobanja-srbija\/\" >\n\t\t\t\tSokobanja-virtuelna tura 360\t\t\t<\/a>\n\t\t<\/h3>\n\t\t\t\t<div class=\"elementor-post__excerpt\">\n\t\t\t<p>Sokobanja-virtuelna tura 360 Inovativna 360\u00b0 virtuelna tura Sokobanje koja korisnicima omogu\u0107ava istra\u017eivanje prirodnih lepota, kulturno-istorijskih znamenitosti i wellness sadr\u017eaja uz pomo\u0107 AI \u010det-bota koji personalizuje<\/p>\n\t\t<\/div>\n\t\t\n\t\t<a class=\"elementor-post__read-more\" href=\"https:\/\/podinario.rs\/index.php\/2023\/05\/09\/vauceri-sokobanja-srbija\/\" aria-label=\"Read more about Sokobanja-virtuelna tura 360\" tabindex=\"-1\" >\n\t\t\tRead More \u00bb\t\t<\/a>\n\n\t\t\t\t<\/div>\n\t\t\t\t<div class=\"elementor-post__meta-data\">\n\t\t\t\t\t<span class=\"elementor-post-date\">\n\t\t\tMay 9, 2023\t\t<\/span>\n\t\t\t\t<span class=\"elementor-post-avatar\">\n\t\t\tNo Comments\t\t<\/span>\n\t\t\t\t<\/div>\n\t\t\t\t\t<\/div>\n\t\t<\/article>\n\t\t\t\t<article class=\"elementor-post elementor-grid-item post-1412 post type-post status-publish format-standard has-post-thumbnail hentry category-sokobanjske-novosti\" role=\"listitem\">\n\t\t\t<div class=\"elementor-post__card\">\n\t\t\t\t<a class=\"elementor-post__thumbnail__link\" href=\"https:\/\/podinario.rs\/index.php\/2023\/05\/05\/sokobanja-vremenska-prognoza\/\" tabindex=\"-1\" ><div class=\"elementor-post__thumbnail\"><img decoding=\"async\" width=\"300\" height=\"200\" src=\"https:\/\/podinario.rs\/images\/rtanj-1-300x200.jpg\" class=\"attachment-medium size-medium wp-image-1421\" alt=\"Rtanj Planina\" srcset=\"https:\/\/podinario.rs\/images\/rtanj-1-300x200.jpg 300w, https:\/\/podinario.rs\/images\/rtanj-1-1024x683.jpg 1024w, https:\/\/podinario.rs\/images\/rtanj-1-768x512.jpg 768w, https:\/\/podinario.rs\/images\/rtanj-1.jpg 1200w\" sizes=\"(max-width: 300px) 100vw, 300px\" \/><\/div><\/a>\n\t\t\t\t<div class=\"elementor-post__badge\">Sokobanjske novosti<\/div>\n\t\t\t\t<div class=\"elementor-post__text\">\n\t\t\t\t<h3 class=\"elementor-post__title\">\n\t\t\t<a href=\"https:\/\/podinario.rs\/index.php\/2023\/05\/05\/sokobanja-vremenska-prognoza\/\" >\n\t\t\t\tSokobanja Vremenska Prognoza\t\t\t<\/a>\n\t\t<\/h3>\n\t\t\t\t<div class=\"elementor-post__excerpt\">\n\t\t\t<p>Sokobanja Vremenska Prognoza Za one koji nikada do sada nisu bili u Sokobanji, samo da napomenemo da \u0107e biti prijatno iznena\u0111eni klimom. Naime, Sokobanja je<\/p>\n\t\t<\/div>\n\t\t\n\t\t<a class=\"elementor-post__read-more\" href=\"https:\/\/podinario.rs\/index.php\/2023\/05\/05\/sokobanja-vremenska-prognoza\/\" aria-label=\"Read more about Sokobanja Vremenska Prognoza\" tabindex=\"-1\" >\n\t\t\tRead More \u00bb\t\t<\/a>\n\n\t\t\t\t<\/div>\n\t\t\t\t<div class=\"elementor-post__meta-data\">\n\t\t\t\t\t<span class=\"elementor-post-date\">\n\t\t\tMay 5, 2023\t\t<\/span>\n\t\t\t\t<span class=\"elementor-post-avatar\">\n\t\t\tNo Comments\t\t<\/span>\n\t\t\t\t<\/div>\n\t\t\t\t\t<\/div>\n\t\t<\/article>\n\t\t\t\t<\/div>\n\t\t\n\t\t\t\t\t\t<\/div>\n\t\t\t\t<\/div>\n\t\t\t\t\t<\/div>\n\t\t<\/div>\n\t\t\t\t\t<\/div>\n\t\t<\/section>\n\t\t\t\t<\/div>\n\t\t","protected":false},"excerpt":{"rendered":"<p>Sokobanja 2025. Novosti-Pocetna<\/p>\n","protected":false},"author":1,"featured_media":0,"parent":0,"menu_order":0,"comment_status":"closed","ping_status":"closed","template":"elementor_canvas","meta":{"_uag_custom_page_level_css":"","site-sidebar-layout":"no-sidebar","site-content-layout":"page-builder","ast-global-header-display":"","ast-banner-title-visibility":"","ast-main-header-display":"","ast-hfb-above-header-display":"","ast-hfb-below-header-display":"","ast-hfb-mobile-header-display":"","site-post-title":"disabled","ast-breadcrumbs-content":"","ast-featured-img":"disabled","footer-sml-layout":"","theme-transparent-header-meta":"","adv-header-id-meta":"","stick-header-meta":"","header-above-stick-meta":"","header-main-stick-meta":"","header-below-stick-meta":"","footnotes":""},"class_list":["post-1402","page","type-page","status-publish","hentry"],"yoast_head":"<!-- This site is optimized with the Yoast SEO plugin v27.1 - https:\/\/yoast.com\/product\/yoast-seo-wordpress\/ -->\n<title>O Sokobanji - Podinario Sokobanja<\/title>\n<meta name=\"robots\" content=\"index, follow, max-snippet:-1, max-image-preview:large, max-video-preview:-1\" \/>\n<link rel=\"canonical\" href=\"https:\/\/podinario.rs\/index.php\/o-sokobanji\/\" \/>\n<meta property=\"og:locale\" content=\"en_US\" \/>\n<meta property=\"og:type\" content=\"article\" \/>\n<meta property=\"og:title\" content=\"O Sokobanji - Podinario Sokobanja\" \/>\n<meta property=\"og:description\" content=\"Sokobanja 2025. Novosti-Pocetna\" \/>\n<meta property=\"og:url\" content=\"https:\/\/podinario.rs\/index.php\/o-sokobanji\/\" \/>\n<meta property=\"og:site_name\" content=\"Podinario Sokobanja\" \/>\n<meta property=\"article:modified_time\" content=\"2025-05-15T08:39:44+00:00\" \/>\n<meta name=\"twitter:card\" content=\"summary_large_image\" \/>\n<meta name=\"twitter:label1\" content=\"Est. reading time\" \/>\n\t<meta name=\"twitter:data1\" content=\"2 minutes\" \/>\n<script type=\"application\/ld+json\" class=\"yoast-schema-graph\">{\"@context\":\"https:\/\/schema.org\",\"@graph\":[{\"@type\":\"WebPage\",\"@id\":\"https:\/\/podinario.rs\/index.php\/o-sokobanji\/\",\"url\":\"https:\/\/podinario.rs\/index.php\/o-sokobanji\/\",\"name\":\"O Sokobanji - Podinario Sokobanja\",\"isPartOf\":{\"@id\":\"https:\/\/podinario.rs\/#website\"},\"datePublished\":\"2023-05-05T10:50:14+00:00\",\"dateModified\":\"2025-05-15T08:39:44+00:00\",\"breadcrumb\":{\"@id\":\"https:\/\/podinario.rs\/index.php\/o-sokobanji\/#breadcrumb\"},\"inLanguage\":\"en-US\",\"potentialAction\":[{\"@type\":\"ReadAction\",\"target\":[\"https:\/\/podinario.rs\/index.php\/o-sokobanji\/\"]}]},{\"@type\":\"BreadcrumbList\",\"@id\":\"https:\/\/podinario.rs\/index.php\/o-sokobanji\/#breadcrumb\",\"itemListElement\":[{\"@type\":\"ListItem\",\"position\":1,\"name\":\"Home\",\"item\":\"https:\/\/podinario.rs\/\"},{\"@type\":\"ListItem\",\"position\":2,\"name\":\"O Sokobanji\"}]},{\"@type\":\"WebSite\",\"@id\":\"https:\/\/podinario.rs\/#website\",\"url\":\"https:\/\/podinario.rs\/\",\"name\":\"Podinario Sokobanja\",\"description\":\"Privatni Apartmani Sokobanja Podinario\",\"publisher\":{\"@id\":\"https:\/\/podinario.rs\/#organization\"},\"potentialAction\":[{\"@type\":\"SearchAction\",\"target\":{\"@type\":\"EntryPoint\",\"urlTemplate\":\"https:\/\/podinario.rs\/?s={search_term_string}\"},\"query-input\":{\"@type\":\"PropertyValueSpecification\",\"valueRequired\":true,\"valueName\":\"search_term_string\"}}],\"inLanguage\":\"en-US\"},{\"@type\":\"Organization\",\"@id\":\"https:\/\/podinario.rs\/#organization\",\"name\":\"Podinario Sokobanja\",\"url\":\"https:\/\/podinario.rs\/\",\"logo\":{\"@type\":\"ImageObject\",\"inLanguage\":\"en-US\",\"@id\":\"https:\/\/podinario.rs\/#\/schema\/logo\/image\/\",\"url\":\"https:\/\/podinario.rs\/images\/cropped-0-02-05-16aa6f12e4fd8641fc6d8fec5e4d253259fcf60f08fb9a4b046f8f9f750b4702_687facd356ad5f6b.png\",\"contentUrl\":\"https:\/\/podinario.rs\/images\/cropped-0-02-05-16aa6f12e4fd8641fc6d8fec5e4d253259fcf60f08fb9a4b046f8f9f750b4702_687facd356ad5f6b.png\",\"width\":1279,\"height\":427,\"caption\":\"Podinario Sokobanja\"},\"image\":{\"@id\":\"https:\/\/podinario.rs\/#\/schema\/logo\/image\/\"}}]}<\/script>\n<!-- \/ Yoast SEO plugin. -->","yoast_head_json":{"title":"O Sokobanji - Podinario Sokobanja","robots":{"index":"index","follow":"follow","max-snippet":"max-snippet:-1","max-image-preview":"max-image-preview:large","max-video-preview":"max-video-preview:-1"},"canonical":"https:\/\/podinario.rs\/index.php\/o-sokobanji\/","og_locale":"en_US","og_type":"article","og_title":"O Sokobanji - Podinario Sokobanja","og_description":"Sokobanja 2025. Novosti-Pocetna","og_url":"https:\/\/podinario.rs\/index.php\/o-sokobanji\/","og_site_name":"Podinario Sokobanja","article_modified_time":"2025-05-15T08:39:44+00:00","twitter_card":"summary_large_image","twitter_misc":{"Est. reading time":"2 minutes"},"schema":{"@context":"https:\/\/schema.org","@graph":[{"@type":"WebPage","@id":"https:\/\/podinario.rs\/index.php\/o-sokobanji\/","url":"https:\/\/podinario.rs\/index.php\/o-sokobanji\/","name":"O Sokobanji - Podinario Sokobanja","isPartOf":{"@id":"https:\/\/podinario.rs\/#website"},"datePublished":"2023-05-05T10:50:14+00:00","dateModified":"2025-05-15T08:39:44+00:00","breadcrumb":{"@id":"https:\/\/podinario.rs\/index.php\/o-sokobanji\/#breadcrumb"},"inLanguage":"en-US","potentialAction":[{"@type":"ReadAction","target":["https:\/\/podinario.rs\/index.php\/o-sokobanji\/"]}]},{"@type":"BreadcrumbList","@id":"https:\/\/podinario.rs\/index.php\/o-sokobanji\/#breadcrumb","itemListElement":[{"@type":"ListItem","position":1,"name":"Home","item":"https:\/\/podinario.rs\/"},{"@type":"ListItem","position":2,"name":"O Sokobanji"}]},{"@type":"WebSite","@id":"https:\/\/podinario.rs\/#website","url":"https:\/\/podinario.rs\/","name":"Podinario Sokobanja","description":"Privatni Apartmani Sokobanja Podinario","publisher":{"@id":"https:\/\/podinario.rs\/#organization"},"potentialAction":[{"@type":"SearchAction","target":{"@type":"EntryPoint","urlTemplate":"https:\/\/podinario.rs\/?s={search_term_string}"},"query-input":{"@type":"PropertyValueSpecification","valueRequired":true,"valueName":"search_term_string"}}],"inLanguage":"en-US"},{"@type":"Organization","@id":"https:\/\/podinario.rs\/#organization","name":"Podinario Sokobanja","url":"https:\/\/podinario.rs\/","logo":{"@type":"ImageObject","inLanguage":"en-US","@id":"https:\/\/podinario.rs\/#\/schema\/logo\/image\/","url":"https:\/\/podinario.rs\/images\/cropped-0-02-05-16aa6f12e4fd8641fc6d8fec5e4d253259fcf60f08fb9a4b046f8f9f750b4702_687facd356ad5f6b.png","contentUrl":"https:\/\/podinario.rs\/images\/cropped-0-02-05-16aa6f12e4fd8641fc6d8fec5e4d253259fcf60f08fb9a4b046f8f9f750b4702_687facd356ad5f6b.png","width":1279,"height":427,"caption":"Podinario Sokobanja"},"image":{"@id":"https:\/\/podinario.rs\/#\/schema\/logo\/image\/"}}]}},"uagb_featured_image_src":{"full":false,"thumbnail":false,"medium":false,"medium_large":false,"large":false,"hd_qu_size2":false,"1536x1536":false,"2048x2048":false},"uagb_author_info":{"display_name":"admin","author_link":"https:\/\/podinario.rs\/index.php\/author\/admin_gko8rn7i\/"},"uagb_comment_info":0,"uagb_excerpt":"Sokobanja 2025. Novosti-Pocetna","_links":{"self":[{"href":"https:\/\/podinario.rs\/index.php\/wp-json\/wp\/v2\/pages\/1402","targetHints":{"allow":["GET"]}}],"collection":[{"href":"https:\/\/podinario.rs\/index.php\/wp-json\/wp\/v2\/pages"}],"about":[{"href":"https:\/\/podinario.rs\/index.php\/wp-json\/wp\/v2\/types\/page"}],"author":[{"embeddable":true,"href":"https:\/\/podinario.rs\/index.php\/wp-json\/wp\/v2\/users\/1"}],"replies":[{"embeddable":true,"href":"https:\/\/podinario.rs\/index.php\/wp-json\/wp\/v2\/comments?post=1402"}],"version-history":[{"count":3,"href":"https:\/\/podinario.rs\/index.php\/wp-json\/wp\/v2\/pages\/1402\/revisions"}],"predecessor-version":[{"id":2048,"href":"https:\/\/podinario.rs\/index.php\/wp-json\/wp\/v2\/pages\/1402\/revisions\/2048"}],"wp:attachment":[{"href":"https:\/\/podinario.rs\/index.php\/wp-json\/wp\/v2\/media?parent=1402"}],"curies":[{"name":"wp","href":"https:\/\/api.w.org\/{rel}","templated":true}]}}